{"id":9996,"date":"2024-01-26T13:05:08","date_gmt":"2024-01-26T12:05:08","guid":{"rendered":"https:\/\/www.taunusfotogalerie.com\/?page_id=9996"},"modified":"2024-01-26T14:56:59","modified_gmt":"2024-01-26T13:56:59","slug":"rene-algesheimer","status":"publish","type":"page","link":"https:\/\/www.taunusfotogalerie.com\/en\/rene-algesheimer\/","title":{"rendered":"Rene Algesheimer"},"content":{"rendered":"\t\t<div data-elementor-type=\"wp-page\" data-elementor-id=\"9996\" class=\"elementor elementor-9996 elementor-9995\" data-elementor-post-type=\"page\">\n\t\t\t\t\t\t<section class=\"elementor-section elementor-top-section elementor-element elementor-element-9b8ef94 elementor-section-boxed elementor-section-height-default elementor-section-height-default\" data-id=\"9b8ef94\" data-element_type=\"section\" data-e-type=\"section\">\n\t\t\t\t\t\t<div class=\"elementor-container elementor-column-gap-default\">\n\t\t\t\t\t<div class=\"elementor-column elementor-col-100 elementor-top-column elementor-element elementor-element-c8e7f69\" data-id=\"c8e7f69\" data-element_type=\"column\" data-e-type=\"column\">\n\t\t\t<div class=\"elementor-widget-wrap elementor-element-populated\">\n\t\t\t\t\t\t<div class=\"elementor-element elementor-element-39ea3cd elementor-widget elementor-widget-heading\" data-id=\"39ea3cd\" data-element_type=\"widget\" data-e-type=\"widget\" data-widget_type=\"heading.default\">\n\t\t\t\t<div class=\"elementor-widget-container\">\n\t\t\t\t\t<h1 class=\"elementor-heading-title elementor-size-default\">Ren\u00e9 Algesheimer <\/h1>\t\t\t\t<\/div>\n\t\t\t\t<\/div>\n\t\t\t\t\t<\/div>\n\t\t<\/div>\n\t\t\t\t\t<\/div>\n\t\t<\/section>\n\t\t\t\t<section class=\"elementor-section elementor-top-section elementor-element elementor-element-9ab4e9c elementor-section-boxed elementor-section-height-default elementor-section-height-default\" data-id=\"9ab4e9c\" data-element_type=\"section\" data-e-type=\"section\">\n\t\t\t\t\t\t<div class=\"elementor-container elementor-column-gap-default\">\n\t\t\t\t\t<div class=\"elementor-column elementor-col-100 elementor-top-column elementor-element elementor-element-59be0ec\" data-id=\"59be0ec\" data-element_type=\"column\" data-e-type=\"column\">\n\t\t\t<div class=\"elementor-widget-wrap elementor-element-populated\">\n\t\t\t\t\t\t<div class=\"elementor-element elementor-element-ad1834d elementor-widget elementor-widget-spacer\" data-id=\"ad1834d\" data-element_type=\"widget\" data-e-type=\"widget\" data-widget_type=\"spacer.default\">\n\t\t\t\t<div class=\"elementor-widget-container\">\n\t\t\t\t\t\t\t<div class=\"elementor-spacer\">\n\t\t\t<div class=\"elementor-spacer-inner\"><\/div>\n\t\t<\/div>\n\t\t\t\t\t\t<\/div>\n\t\t\t\t<\/div>\n\t\t\t\t<div class=\"elementor-element elementor-element-5b693c5 elementor-align-justify elementor-widget elementor-widget-button\" data-id=\"5b693c5\" data-element_type=\"widget\" data-e-type=\"widget\" data-widget_type=\"button.default\">\n\t\t\t\t<div class=\"elementor-widget-container\">\n\t\t\t\t\t\t\t\t\t<div class=\"elementor-button-wrapper\">\n\t\t\t\t\t<a class=\"elementor-button elementor-button-link elementor-size-lg\" href=\"https:\/\/www.taunusfotogalerie.com\/en\/gallery-rene-algesheimer\/\">\n\t\t\t\t\t\t<span class=\"elementor-button-content-wrapper\">\n\t\t\t\t\t\t\t\t\t<span class=\"elementor-button-text\">Ren\u00e9 Algesheimer`s images<\/span>\n\t\t\t\t\t<\/span>\n\t\t\t\t\t<\/a>\n\t\t\t\t<\/div>\n\t\t\t\t\t\t\t\t<\/div>\n\t\t\t\t<\/div>\n\t\t\t\t<div class=\"elementor-element elementor-element-f9315c1 elementor-widget elementor-widget-spacer\" data-id=\"f9315c1\" data-element_type=\"widget\" data-e-type=\"widget\" data-widget_type=\"spacer.default\">\n\t\t\t\t<div class=\"elementor-widget-container\">\n\t\t\t\t\t\t\t<div class=\"elementor-spacer\">\n\t\t\t<div class=\"elementor-spacer-inner\"><\/div>\n\t\t<\/div>\n\t\t\t\t\t\t<\/div>\n\t\t\t\t<\/div>\n\t\t\t\t\t<\/div>\n\t\t<\/div>\n\t\t\t\t\t<\/div>\n\t\t<\/section>\n\t\t\t\t<section class=\"elementor-section elementor-top-section elementor-element elementor-element-a10ac34 elementor-section-boxed elementor-section-height-default elementor-section-height-default\" data-id=\"a10ac34\" data-element_type=\"section\" data-e-type=\"section\">\n\t\t\t\t\t\t<div class=\"elementor-container elementor-column-gap-default\">\n\t\t\t\t\t<div class=\"elementor-column elementor-col-50 elementor-top-column elementor-element elementor-element-b7fc23d\" data-id=\"b7fc23d\" data-element_type=\"column\" data-e-type=\"column\">\n\t\t\t<div class=\"elementor-widget-wrap elementor-element-populated\">\n\t\t\t\t\t\t<div class=\"elementor-element elementor-element-0f77e51 elementor-widget elementor-widget-image\" data-id=\"0f77e51\" data-element_type=\"widget\" data-e-type=\"widget\" data-widget_type=\"image.default\">\n\t\t\t\t<div class=\"elementor-widget-container\">\n\t\t\t\t\t\t\t\t\t\t\t\t\t\t\t<img fetchpriority=\"high\" decoding=\"async\" width=\"800\" height=\"800\" src=\"https:\/\/www.taunusfotogalerie.com\/wp-content\/uploads\/2024\/01\/Rene_Algesheimer-1278s_screen-1024x1024.jpg\" class=\"attachment-large size-large wp-image-10000\" alt=\"\" srcset=\"https:\/\/www.taunusfotogalerie.com\/wp-content\/uploads\/2024\/01\/Rene_Algesheimer-1278s_screen-1024x1024.jpg 1024w, https:\/\/www.taunusfotogalerie.com\/wp-content\/uploads\/2024\/01\/Rene_Algesheimer-1278s_screen-300x300.jpg 300w, https:\/\/www.taunusfotogalerie.com\/wp-content\/uploads\/2024\/01\/Rene_Algesheimer-1278s_screen-150x150.jpg 150w, https:\/\/www.taunusfotogalerie.com\/wp-content\/uploads\/2024\/01\/Rene_Algesheimer-1278s_screen-768x768.jpg 768w, https:\/\/www.taunusfotogalerie.com\/wp-content\/uploads\/2024\/01\/Rene_Algesheimer-1278s_screen-1536x1536.jpg 1536w, https:\/\/www.taunusfotogalerie.com\/wp-content\/uploads\/2024\/01\/Rene_Algesheimer-1278s_screen-600x600.jpg 600w, https:\/\/www.taunusfotogalerie.com\/wp-content\/uploads\/2024\/01\/Rene_Algesheimer-1278s_screen-100x100.jpg 100w, https:\/\/www.taunusfotogalerie.com\/wp-content\/uploads\/2024\/01\/Rene_Algesheimer-1278s_screen.jpg 2000w\" sizes=\"(max-width: 800px) 100vw, 800px\" \/>\t\t\t\t\t\t\t\t\t\t\t\t\t\t\t<\/div>\n\t\t\t\t<\/div>\n\t\t\t\t\t<\/div>\n\t\t<\/div>\n\t\t\t\t<div class=\"elementor-column elementor-col-50 elementor-top-column elementor-element elementor-element-309da84\" data-id=\"309da84\" data-element_type=\"column\" data-e-type=\"column\">\n\t\t\t<div class=\"elementor-widget-wrap elementor-element-populated\">\n\t\t\t\t\t\t<div class=\"elementor-element elementor-element-178d7dc elementor-widget elementor-widget-text-editor\" data-id=\"178d7dc\" data-element_type=\"widget\" data-e-type=\"widget\" data-widget_type=\"text-editor.default\">\n\t\t\t\t<div class=\"elementor-widget-container\">\n\t\t\t\t\t\t\t\t\t<p>Ren\u00e9 Algesheimer is a German photographer who lives in Neuch\u00e2tel, Switzerland. He studied mathematics and music and now teaches as a professor and researcher at the University of Zurich. There he is the director of the Center of Excellence for Social Networks, where he researches social influence, values, and sustainability using mathematical methods and algorithms. With his special background in science, the arts and his interest in the philosophy of life, he gives his photographic projects a unique depth that visually captivates the viewer, but also intellectually invites them to delve deeper into the subject matter and engage with the image. Press coverage of Ren\u00e9 has been substantial in Frames, Elements, OnLandscape Magazine, and MediumFormat. He has achieved recognition and won international awards for his photography. Ren\u00e9 is the brain behind and editor of the book \u201c<a href=\"https:\/\/voiceoftheeyes.com\/\" target=\"_blank\" rel=\"noopener\">Voice of the Eyes.<\/a>\u201d<\/p><p>Ren\u00e9\u2019s photography is a poetic and allegorical medium: a means of discovering the enduring connections between the macrocosm and the microcosm. In his pictures, he portrays the very large with the very small. His landscapes combine broader, higher structures with more intimate forms of a lower order.<\/p>\t\t\t\t\t\t\t\t<\/div>\n\t\t\t\t<\/div>\n\t\t\t\t\t<\/div>\n\t\t<\/div>\n\t\t\t\t\t<\/div>\n\t\t<\/section>\n\t\t\t\t<section class=\"elementor-section elementor-top-section elementor-element elementor-element-ae70cd2 elementor-section-boxed elementor-section-height-default elementor-section-height-default\" data-id=\"ae70cd2\" data-element_type=\"section\" data-e-type=\"section\">\n\t\t\t\t\t\t<div class=\"elementor-container elementor-column-gap-default\">\n\t\t\t\t\t<div class=\"elementor-column elementor-col-50 elementor-top-column elementor-element elementor-element-3b04049\" data-id=\"3b04049\" data-element_type=\"column\" data-e-type=\"column\">\n\t\t\t<div class=\"elementor-widget-wrap elementor-element-populated\">\n\t\t\t\t\t\t<div class=\"elementor-element elementor-element-a62edaa elementor-widget elementor-widget-text-editor\" data-id=\"a62edaa\" data-element_type=\"widget\" data-e-type=\"widget\" data-widget_type=\"text-editor.default\">\n\t\t\t\t<div class=\"elementor-widget-container\">\n\t\t\t\t\t\t\t\t\t<p>They reflect visual connections. Only through the interaction of microstructures can holistic structures emerge. On the other hand, the context, the big picture, also exerts an influence on how microstructures can develop on a small scale. Ren\u00e9 presents nature as a fragile and enduring beauty.<\/p><p>Ren\u00e9 is inspired by the Japanese philosophy of \u201cIkigai,\u201d a purified form of beauty and truth, a kind of raison d\u2019\u00eatre. Using a visual language informed by minimal art and the ink-painted pine trees of Tohaku Hasegawa, he focuses on reduced simple, geometric, primary structures, so that viewers may interpret his photographs with the essence of what they are about.<\/p>\t\t\t\t\t\t\t\t<\/div>\n\t\t\t\t<\/div>\n\t\t\t\t\t<\/div>\n\t\t<\/div>\n\t\t\t\t<div class=\"elementor-column elementor-col-50 elementor-top-column elementor-element elementor-element-ccefc4b\" data-id=\"ccefc4b\" data-element_type=\"column\" data-e-type=\"column\">\n\t\t\t<div class=\"elementor-widget-wrap elementor-element-populated\">\n\t\t\t\t\t\t<div class=\"elementor-element elementor-element-0241c9e elementor-widget elementor-widget-text-editor\" data-id=\"0241c9e\" data-element_type=\"widget\" data-e-type=\"widget\" data-widget_type=\"text-editor.default\">\n\t\t\t\t<div class=\"elementor-widget-container\">\n\t\t\t\t\t\t\t\t\t<p>Ren\u00e9\u2019s photographs show a living world in transition, which exists for fleeting moments in time\u2014preserving a memory of the landscapes.<\/p><p>Book: <a href=\"https:\/\/voiceoftheeyes.com\/\" target=\"_blank\" rel=\"noopener\">www.voiceoftheeyes.com<\/a><\/p>\t\t\t\t\t\t\t\t<\/div>\n\t\t\t\t<\/div>\n\t\t\t\t\t<\/div>\n\t\t<\/div>\n\t\t\t\t\t<\/div>\n\t\t<\/section>\n\t\t\t\t<section class=\"elementor-section elementor-top-section elementor-element elementor-element-b57f267 elementor-section-boxed elementor-section-height-default elementor-section-height-default\" data-id=\"b57f267\" data-element_type=\"section\" data-e-type=\"section\">\n\t\t\t\t\t\t<div class=\"elementor-container elementor-column-gap-default\">\n\t\t\t\t\t<div class=\"elementor-column elementor-col-100 elementor-top-column elementor-element elementor-element-e4393ff\" data-id=\"e4393ff\" data-element_type=\"column\" data-e-type=\"column\">\n\t\t\t<div class=\"elementor-widget-wrap elementor-element-populated\">\n\t\t\t\t\t\t<div class=\"elementor-element elementor-element-aa748fe elementor-align-justify elementor-widget elementor-widget-button\" data-id=\"aa748fe\" data-element_type=\"widget\" data-e-type=\"widget\" data-widget_type=\"button.default\">\n\t\t\t\t<div class=\"elementor-widget-container\">\n\t\t\t\t\t\t\t\t\t<div class=\"elementor-button-wrapper\">\n\t\t\t\t\t<a class=\"elementor-button elementor-button-link elementor-size-lg\" href=\"https:\/\/www.taunusfotogalerie.com\/en\/gallery-rene-algesheimer\/\">\n\t\t\t\t\t\t<span class=\"elementor-button-content-wrapper\">\n\t\t\t\t\t\t\t\t\t<span class=\"elementor-button-text\">Ren\u00e9 Algesheimer`s images <\/span>\n\t\t\t\t\t<\/span>\n\t\t\t\t\t<\/a>\n\t\t\t\t<\/div>\n\t\t\t\t\t\t\t\t<\/div>\n\t\t\t\t<\/div>\n\t\t\t\t\t<\/div>\n\t\t<\/div>\n\t\t\t\t\t<\/div>\n\t\t<\/section>\n\t\t\t\t<section class=\"elementor-section elementor-top-section elementor-element elementor-element-19b5844 elementor-section-boxed elementor-section-height-default elementor-section-height-default\" data-id=\"19b5844\" data-element_type=\"section\" data-e-type=\"section\">\n\t\t\t\t\t\t<div class=\"elementor-container elementor-column-gap-default\">\n\t\t\t\t\t<div class=\"elementor-column elementor-col-100 elementor-top-column elementor-element elementor-element-39f0639\" data-id=\"39f0639\" data-element_type=\"column\" data-e-type=\"column\">\n\t\t\t<div class=\"elementor-widget-wrap elementor-element-populated\">\n\t\t\t\t\t\t<div class=\"elementor-element elementor-element-4bafa2d elementor-widget elementor-widget-spacer\" data-id=\"4bafa2d\" data-element_type=\"widget\" data-e-type=\"widget\" data-widget_type=\"spacer.default\">\n\t\t\t\t<div class=\"elementor-widget-container\">\n\t\t\t\t\t\t\t<div class=\"elementor-spacer\">\n\t\t\t<div class=\"elementor-spacer-inner\"><\/div>\n\t\t<\/div>\n\t\t\t\t\t\t<\/div>\n\t\t\t\t<\/div>\n\t\t\t\t\t<\/div>\n\t\t<\/div>\n\t\t\t\t\t<\/div>\n\t\t<\/section>\n\t\t\t\t<\/div>\n\t\t","protected":false},"excerpt":{"rendered":"<p>Ren\u00e9 Algesheimer Ren\u00e9 Algesheimer`s images Ren\u00e9 Algesheimer is a German photographer who lives in Neuch\u00e2tel, Switzerland. He studied mathematics and music and now teaches as a professor and researcher at the University of Zurich. There he is the director of the Center of Excellence for Social Networks, where he researches social influence, values, and sustainability [&hellip;]<\/p>\n","protected":false},"author":5,"featured_media":0,"parent":0,"menu_order":0,"comment_status":"closed","ping_status":"closed","template":"","meta":{"footnotes":""},"class_list":["post-9996","page","type-page","status-publish","hentry"],"aioseo_notices":[],"_links":{"self":[{"href":"https:\/\/www.taunusfotogalerie.com\/en\/wp-json\/wp\/v2\/pages\/9996","targetHints":{"allow":["GET"]}}],"collection":[{"href":"https:\/\/www.taunusfotogalerie.com\/en\/wp-json\/wp\/v2\/pages"}],"about":[{"href":"https:\/\/www.taunusfotogalerie.com\/en\/wp-json\/wp\/v2\/types\/page"}],"author":[{"embeddable":true,"href":"https:\/\/www.taunusfotogalerie.com\/en\/wp-json\/wp\/v2\/users\/5"}],"replies":[{"embeddable":true,"href":"https:\/\/www.taunusfotogalerie.com\/en\/wp-json\/wp\/v2\/comments?post=9996"}],"version-history":[{"count":0,"href":"https:\/\/www.taunusfotogalerie.com\/en\/wp-json\/wp\/v2\/pages\/9996\/revisions"}],"wp:attachment":[{"href":"https:\/\/www.taunusfotogalerie.com\/en\/wp-json\/wp\/v2\/media?parent=9996"}],"curies":[{"name":"wp","href":"https:\/\/api.w.org\/{rel}","templated":true}]}}